{"id":9353,"date":"2024-11-06T06:17:01","date_gmt":"2024-11-06T06:17:01","guid":{"rendered":"https:\/\/venteovertical.org\/?page_id=9353"},"modified":"2024-11-28T07:23:24","modified_gmt":"2024-11-28T07:23:24","slug":"instalacion-de-aislamiento-termico-exterior-sate","status":"publish","type":"page","link":"https:\/\/venteovertical.org\/index.php\/instalacion-de-aislamiento-termico-exterior-sate\/","title":{"rendered":"INSTALACI\u00d3N DE AISLAMIENTO T\u00c9RMICO EXTERIOR SATE"},"content":{"rendered":"<div class=\"wp-block-media-text is-stacked-on-mobile\"><figure class=\"wp-block-media-text__media\"><img loading=\"lazy\" decoding=\"async\" width=\"1024\" height=\"768\" src=\"https:\/\/venteovertical.org\/wp-content\/uploads\/2024\/11\/IMG-20240927-WA0050-1024x768.jpg\" alt=\"\" class=\"wp-image-9447 size-full\" srcset=\"https:\/\/venteovertical.org\/wp-content\/uploads\/2024\/11\/IMG-20240927-WA0050-1024x768.jpg 1024w, https:\/\/venteovertical.org\/wp-content\/uploads\/2024\/11\/IMG-20240927-WA0050-300x225.jpg 300w, https:\/\/venteovertical.org\/wp-content\/uploads\/2024\/11\/IMG-20240927-WA0050-768x576.jpg 768w, https:\/\/venteovertical.org\/wp-content\/uploads\/2024\/11\/IMG-20240927-WA0050-1536x1152.jpg 1536w, https:\/\/venteovertical.org\/wp-content\/uploads\/2024\/11\/IMG-20240927-WA0050-2048x1536.jpg 2048w, https:\/\/venteovertical.org\/wp-content\/uploads\/2024\/11\/IMG-20240927-WA0050-870x653.jpg 870w, https:\/\/venteovertical.org\/wp-content\/uploads\/2024\/11\/IMG-20240927-WA0050-640x480.jpg 640w, https:\/\/venteovertical.org\/wp-content\/uploads\/2024\/11\/IMG-20240927-WA0050-480x360.jpg 480w, https:\/\/venteovertical.org\/wp-content\/uploads\/2024\/11\/IMG-20240927-WA0050-550x413.jpg 550w\" sizes=\"auto, (max-width: 1024px) 100vw, 1024px\" \/><\/figure><div class=\"wp-block-media-text__content\"><p>Venteo Vertical est\u00e1 comprometido con el medio ambiente y en un entorno urbano una muy buena opci\u00f3n es la instalaci\u00f3n de sistema de aislamiento SATE mediante t\u00e9cnicas de trabajos verticales.El sistemas de aislamiento t\u00e9rmico exterior (SATE) mejora la eficiencia energ\u00e9tica de los edificios y mejora el confort del hogar, el montaje consiste en colocar el aislamiento t\u00e9rmico en las paredes exteriores o medianeras de un edificio. Esta t\u00e9cnica mejora el rendimiento t\u00e9rmico general del edificio y, por lo tanto, permite un ahorro sustancial de energ\u00eda.<\/p><\/div><\/div>","protected":false},"excerpt":{"rendered":"<p>Venteo Vertical est\u00e1 comprometido con el medio ambiente y en un entorno urbano una muy buena opci\u00f3n es la instalaci\u00f3n de sistema de aislamiento SATE mediante t\u00e9cnicas de trabajos verticales.El sistemas de aislamiento t\u00e9rmico exterior (SATE) mejora la eficiencia energ\u00e9tica de los edificios y mejora el confort del hogar, el<\/p>\n","protected":false},"author":1,"featured_media":0,"parent":0,"menu_order":0,"comment_status":"closed","ping_status":"closed","template":"","meta":{"_monsterinsights_skip_tracking":false,"_monsterinsights_sitenote_active":false,"_monsterinsights_sitenote_note":"","_monsterinsights_sitenote_category":0,"footnotes":""},"class_list":["post-9353","page","type-page","status-publish","hentry"],"aioseo_notices":[],"jetpack_sharing_enabled":true,"_links":{"self":[{"href":"https:\/\/venteovertical.org\/index.php\/wp-json\/wp\/v2\/pages\/9353","targetHints":{"allow":["GET"]}}],"collection":[{"href":"https:\/\/venteovertical.org\/index.php\/wp-json\/wp\/v2\/pages"}],"about":[{"href":"https:\/\/venteovertical.org\/index.php\/wp-json\/wp\/v2\/types\/page"}],"author":[{"embeddable":true,"href":"https:\/\/venteovertical.org\/index.php\/wp-json\/wp\/v2\/users\/1"}],"replies":[{"embeddable":true,"href":"https:\/\/venteovertical.org\/index.php\/wp-json\/wp\/v2\/comments?post=9353"}],"version-history":[{"count":5,"href":"https:\/\/venteovertical.org\/index.php\/wp-json\/wp\/v2\/pages\/9353\/revisions"}],"predecessor-version":[{"id":9473,"href":"https:\/\/venteovertical.org\/index.php\/wp-json\/wp\/v2\/pages\/9353\/revisions\/9473"}],"wp:attachment":[{"href":"https:\/\/venteovertical.org\/index.php\/wp-json\/wp\/v2\/media?parent=9353"}],"curies":[{"name":"wp","href":"https:\/\/api.w.org\/{rel}","templated":true}]}}