{"id":9276,"date":"2024-10-17T06:07:45","date_gmt":"2024-10-17T06:07:45","guid":{"rendered":"https:\/\/venteovertical.org\/?page_id=9276"},"modified":"2024-11-27T08:05:28","modified_gmt":"2024-11-27T08:05:28","slug":"inicio","status":"publish","type":"page","link":"https:\/\/venteovertical.org\/","title":{"rendered":"Inicio"},"content":{"rendered":"<div class=\"wpb-content-wrapper\"><p>[vc_row scroll_arrow=\u00bbyes\u00bb scroll_id=\u00bbfirst-row\u00bb arrow=\u00bbyes\u00bb][vc_column][rev_slider_vc alias=\u00bbslider-1&#8243;][\/vc_column][\/vc_row][vc_row css=\u00bb.vc_custom_1558753815078{background-image: url(https:\/\/venteovertical.org\/wp-content\/uploads\/2019\/05\/main-bg-1.png?id=8860) !important;background-position: center !important;background-repeat: no-repeat !important;background-size: cover !important;}\u00bb el_id=\u00bbfirst-row\u00bb][vc_column]\r\n\t<div class=\"bauer-spacer clearfix\" data-desktop=\"94\" data-mobi=\"60\" data-smobi=\"60\"><\/div>[vc_row_inner][vc_column_inner width=\u00bb1\/2&#8243;]<div class=\"bauer-single-heading clearfix \" style=\"margin-bottom:25px;\"><span class=\"inner\"><span class=\"heading clearfix \" style=\"font-weight:600;color:#cacaca;font-size:16px;\">\r\n\t\tBIENVENIDO A VENTEO VERTICAL\r\n\t<\/span><\/span><\/div><h2 class=\"bauer-text clearfix \" style=\"font-size:42px;line-height:50px;margin-bottom:32px;\"><p><span>Somos T\u00e9cnicos verticales especialistas en trabajos en altura y de dif\u00edcil acceso en Vilanova i la Geltr\u00fa y Barcelona.<\/span><\/p>\n<div id=\"gtx-trans\" style=\"position: absolute; left: -20px; top: 32.6px;\">\n<div class=\"gtx-trans-icon\"><\/div>\n<\/div>\n<\/h2><div class=\"bauer-text clearfix \" style=\"font-size:18px;line-height:30px;color:#414042;margin-bottom:34px;\"><p class=\"has-poppins-font-family\" id=\"block-76b1eaba-801a-484c-82f2-8f8a0ff70486\">Nuestro trabajo se diferencia por el posicionamiento mediante cuerdas en la zona de trabajo. Estas intervenciones son r\u00e1pidas, flexibles, seguras\u00a0 y m\u00e1s econ\u00f3micas y sostenibles que las convencionales (andamios) .<\/p>\n<p class=\"has-poppins-font-family\" id=\"block-e40be49b-21e9-4634-bc6d-447ad6f31fc8\">Las t\u00e9cnicas de\u00a0 trabajos verticales\u00a0 nos permiten ofrecer una gran variedad de servicios y esto, junto a la amplia experiencia en el sector (desde 2006),\u00a0 hace que tengamos la confianza, la seguridad y las herramientas necesarias para poder dar soluciones y alternativas a una gran variedad de situaciones de dif\u00edcil acceso.<\/p>\n<div id=\"gtx-trans\" style=\"position: absolute; left: 343px; top: 85.7px;\">\n<div class=\"gtx-trans-icon\"><\/div>\n<\/div>\n<\/div><div class=\"bauer-text clearfix \" style=\"\"><p class=\"has-poppins-font-family\" id=\"block-a94a9d35-b3f6-4c9c-8bef-e4683c65b101\">Estamos en constante formaci\u00f3n y comprometidos con la seguridad\u00a0 y el cliente.<\/p>\n<p class=\"has-poppins-font-family\" id=\"block-23860bc5-1a37-462b-9d8f-6eb2b43c6e49\">Venteo Vertical es un grupo con gran compromiso, con una respuesta r\u00e1pida y un trato cercano y profesional.<\/p>\n<\/div>\r\n\t<div class=\"bauer-spacer clearfix\" data-desktop=\"60\" data-mobi=\"30\" data-smobi=\"30\"><\/div><div class=\"button-wrap icon-right\" style=\"\" ><a href=\"https:\/\/venteovertical.org\/index.php\/contactanos-2\/\" target=\"_self\" class=\"bauer-button btn-363078915 medium no_icon custom outline solid custom\" style=\"border-radius:30px;border-width:2px;\"  data-background=\"\" data-border=\"#fffffff\" data-text=\"#0bd2cc\" data-text-hover=\"#ffffff\" data-background-hover=\"#f35c27\">\r\n\t\t<span style=\"\">Cont\u00e1ctanos <\/span>\r\n\t<\/a><\/div>[\/vc_column_inner][vc_column_inner width=\u00bb1\/2&#8243;]\r\n\t<div class=\"bauer-spacer clearfix\" data-desktop=\"55\" data-mobi=\"40\" data-smobi=\"40\"><\/div><div class=\"bauer-simple-image text-center\" style=\"\" >\r\n\t\t\t<img decoding=\"async\" alt=\"image\" src=\"https:\/\/venteovertical.org\/wp-content\/uploads\/2024\/10\/limpiezas-de-cirstales-y-estructuras.png\" \/> \r\n\t\t<\/div>[\/vc_column_inner][\/vc_row_inner]\r\n\t<div class=\"bauer-spacer clearfix\" data-desktop=\"100\" data-mobi=\"60\" data-smobi=\"60\"><\/div>[\/vc_column][\/vc_row][vc_row css=\u00bb.vc_custom_1558262963274{background-image: url(https:\/\/venteovertical.org\/wp-content\/uploads\/2019\/05\/section-bg2-3.jpg?id=8529) !important;background-position: center !important;background-repeat: no-repeat !important;background-size: cover !important;}\u00bb][vc_column]\r\n\t<div class=\"bauer-spacer clearfix\" data-desktop=\"100\" data-mobi=\"60\" data-smobi=\"60\"><\/div><div class=\"bauer-headings clearfix text-center\"  style=\"\"><h2 class=\"heading clearfix \" style=\"color:#210bad;\">\r\n\t\tOfrecemos todo tipo de soluciones\r\n\t<\/h2><\/div>\r\n\t<div class=\"bauer-spacer clearfix\" data-desktop=\"100\" data-mobi=\"60\" data-smobi=\"60\"><\/div>[vc_row_inner][vc_column_inner width=\u00bb1\/3&#8243;]<div class=\"bauer-icon-box clearfix icon-top align-center  simple\" style=\"\" ><div class=\"wrap-inner\" style=\"position: relative;\"><div class=\"bauer-icon icon-1078038590 accent custom\"  data-background=\"\">\r\n\t\t\t\t<span class=\"icon\" style=\"font-size:50px;width:50px;height:50px;border-style:solid;line-height:50px;\"><i class=\"bauerico-construction-1\"><\/i><\/span>\r\n\t\t\t<\/div> <h3 class=\"heading  white\" style=\"font-weight:400;color:#ffffff;font-size:22px;line-height:35px;margin-top:17px;margin-bottom:13px;\">\r\n\t\t\t<span>MANTENIMIENTOS Y LIMPIEZAS EN CUBIERTAS<\/span>\r\n\t\t<\/h3> <\/div><\/div>\r\n\t<div class=\"bauer-spacer clearfix\" data-desktop=\"60\" data-mobi=\"30\" data-smobi=\"30\"><\/div><div class=\"bauer-icon-box clearfix icon-top align-center  simple\" style=\"\" ><div class=\"wrap-inner\" style=\"position: relative;\"><div class=\"bauer-icon icon-479456092 accent custom\"  data-background=\"\">\r\n\t\t\t\t<span class=\"icon\" style=\"font-size:50px;width:50px;height:50px;border-style:solid;line-height:50px;\"><i class=\"basicui-sun\"><\/i><\/span>\r\n\t\t\t<\/div> <h3 class=\"heading  white\" style=\"font-weight:400;color:#ffffff;font-size:22px;line-height:35px;margin-top:17px;margin-bottom:13px;\">\r\n\t\t\t<span>INSTALACI\u00d3N DE AISLAMIENTO T\u00c9RMICO EXTERIOR SATE<\/span>\r\n\t\t<\/h3> <\/div><\/div>\r\n\t<div class=\"bauer-spacer clearfix\" data-desktop=\"0\" data-mobi=\"30\" data-smobi=\"30\"><\/div>[\/vc_column_inner][vc_column_inner width=\u00bb1\/3&#8243;]<div class=\"bauer-icon-box clearfix icon-top align-center  simple\" style=\"\" ><div class=\"wrap-inner\" style=\"position: relative;\"><div class=\"bauer-icon icon-56136171 accent custom\"  data-background=\"\">\r\n\t\t\t\t<span class=\"icon\" style=\"font-size:50px;width:50px;height:50px;border-style:solid;line-height:50px;\"><i class=\"typcn typcn-brush\"><\/i><\/span>\r\n\t\t\t<\/div> <h3 class=\"heading  white\" style=\"font-weight:400;color:#ffffff;font-size:22px;line-height:35px;margin-top:17px;margin-bottom:13px;\">\r\n\t\t\t<span>LIMPIEZAS DE CRISTALES Y ESTRUCTURAS<\/span>\r\n\t\t<\/h3> <\/div><\/div>\r\n\t<div class=\"bauer-spacer clearfix\" data-desktop=\"60\" data-mobi=\"30\" data-smobi=\"30\"><\/div><div class=\"bauer-icon-box clearfix icon-top align-center  simple\" style=\"\" ><div class=\"wrap-inner\" style=\"position: relative;\"><div class=\"bauer-icon icon-1176322479 accent custom\"  data-background=\"\">\r\n\t\t\t\t<span class=\"icon\" style=\"font-size:50px;width:50px;height:50px;border-style:solid;line-height:50px;\"><i class=\"bauerico-bio\"><\/i><\/span>\r\n\t\t\t<\/div> <h3 class=\"heading  white\" style=\"font-weight:400;color:#ffffff;font-size:22px;line-height:35px;margin-top:17px;margin-bottom:13px;\">\r\n\t\t\t<span>SANEAMIENTOS PREVENTIVOS, CONSOLIDACI\u00d3N DE ESTRUCTURAS Y MONTAJES DE REDES DE SEGURIDAD<\/span>\r\n\t\t<\/h3> <\/div><\/div>\r\n\t<div class=\"bauer-spacer clearfix\" data-desktop=\"0\" data-mobi=\"30\" data-smobi=\"30\"><\/div>[\/vc_column_inner][vc_column_inner width=\u00bb1\/3&#8243;]<div class=\"bauer-icon-box clearfix icon-top align-center  simple\" style=\"\" ><div class=\"wrap-inner\" style=\"position: relative;\"><div class=\"bauer-icon icon-1711748980 accent custom\"  data-background=\"\">\r\n\t\t\t\t<span class=\"icon\" style=\"font-size:50px;width:50px;height:50px;border-style:solid;line-height:50px;\"><i class=\"typcn typcn-lightbulb\"><\/i><\/span>\r\n\t\t\t<\/div> <h3 class=\"heading  white\" style=\"font-weight:400;color:#ffffff;font-size:22px;line-height:35px;margin-top:17px;margin-bottom:13px;\">\r\n\t\t\t<span>REHABILITACI\u00d3N DE FACHADAS Y PATIOS DE LUCES<\/span>\r\n\t\t<\/h3> <\/div><\/div>\r\n\t<div class=\"bauer-spacer clearfix\" data-desktop=\"60\" data-mobi=\"30\" data-smobi=\"30\"><\/div><div class=\"bauer-icon-box clearfix icon-top align-center  simple\" style=\"\" ><div class=\"wrap-inner\" style=\"position: relative;\"><div class=\"bauer-icon icon-1690207471 accent custom\"  data-background=\"\">\r\n\t\t\t\t<span class=\"icon\" style=\"font-size:50px;width:50px;height:50px;border-style:solid;line-height:50px;\"><i class=\"bauerico-industry\"><\/i><\/span>\r\n\t\t\t<\/div> <h3 class=\"heading  white\" style=\"font-weight:400;color:#ffffff;font-size:22px;line-height:35px;margin-top:17px;margin-bottom:13px;\">\r\n\t\t\t<span>INSPECCI\u00d3N, DIAGNOSIS DE PATOLOG\u00cdAS E INFORMES T\u00c9CNICOS<\/span>\r\n\t\t<\/h3> <\/div><\/div>\r\n\t<div class=\"bauer-spacer clearfix\" data-desktop=\"0\" data-mobi=\"30\" data-smobi=\"30\"><\/div>[\/vc_column_inner][\/vc_row_inner]\r\n\t<div class=\"bauer-spacer clearfix\" data-desktop=\"115\" data-mobi=\"95\" data-smobi=\"95\"><\/div>[vc_row_inner][vc_column_inner width=\u00bb1\/3&#8243;]<div class=\"bauer-icon-box clearfix icon-left align-left hover-style-2 simple\" style=\"background-color:#ffffff;padding:27px 30px 27px 30px;border-radius:5px;\" ><div class=\"hover\" style=\"border-radius:5px;\"><\/div><div class=\"wrap-inner\" style=\"position: relative;\"><div class=\"bauer-icon icon-1889095264 accent custom\"  data-background=\"\">\r\n\t\t\t\t<span class=\"icon\" style=\"font-size:40px;width:40px;height:50px;border-style:solid;line-height:58px;\"><i class=\"elegant-icon_check_alt2\"><\/i><\/span>\r\n\t\t\t<\/div> <h3 class=\"heading \" style=\"padding-left:68px;font-size:20px;line-height:24px;margin-bottom:3px;\">\r\n\t\t\t<span>10+ A\u00f1os de experiencia<\/span>\r\n\t\t<\/h3><div class=\"desc\" style=\"padding-left:68px;font-weight:500;\"><p>ISO 9001 Certification<\/p>\n<\/div> <div class=\"hover\" style=\"border-radius:5px;\"><\/div><\/div><\/div>\r\n\t<div class=\"bauer-spacer clearfix\" data-desktop=\"0\" data-mobi=\"30\" data-smobi=\"30\"><\/div>[\/vc_column_inner][vc_column_inner width=\u00bb1\/3&#8243;]<div class=\"bauer-icon-box clearfix icon-left align-left hover-style-2 simple\" style=\"background-color:#ffffff;padding:27px 30px 27px 30px;border-radius:5px;\" ><div class=\"hover\" style=\"border-radius:5px;\"><\/div><div class=\"wrap-inner\" style=\"position: relative;\"><div class=\"bauer-icon icon-2126505967 accent custom\"  data-background=\"\">\r\n\t\t\t\t<span class=\"icon\" style=\"font-size:40px;width:40px;height:50px;border-style:solid;line-height:58px;\"><i class=\"elegant-icon_check_alt2\"><\/i><\/span>\r\n\t\t\t<\/div> <h3 class=\"heading \" style=\"padding-left:68px;font-size:20px;line-height:24px;margin-bottom:3px;\">\r\n\t\t\t<span>Disponibilidad 24\/7<\/span>\r\n\t\t<\/h3><div class=\"desc\" style=\"padding-left:68px;font-weight:500;\"><p>Call any day, any time<\/p>\n<\/div> <div class=\"hover\" style=\"border-radius:5px;\"><\/div><\/div><\/div>\r\n\t<div class=\"bauer-spacer clearfix\" data-desktop=\"0\" data-mobi=\"30\" data-smobi=\"30\"><\/div>[\/vc_column_inner][vc_column_inner width=\u00bb1\/3&#8243;]<div class=\"bauer-icon-box clearfix icon-left align-left hover-style-2 simple\" style=\"background-color:#ffffff;padding:27px 30px 27px 30px;border-radius:5px;\" ><div class=\"hover\" style=\"border-radius:5px;\"><\/div><div class=\"wrap-inner\" style=\"position: relative;\"><div class=\"bauer-icon icon-476135140 accent custom\"  data-background=\"\">\r\n\t\t\t\t<span class=\"icon\" style=\"font-size:40px;width:40px;height:50px;border-style:solid;line-height:58px;\"><i class=\"elegant-icon_check_alt2\"><\/i><\/span>\r\n\t\t\t<\/div> <h3 class=\"heading \" style=\"padding-left:68px;font-size:20px;line-height:24px;margin-bottom:3px;\">\r\n\t\t\t<span>100% Profesionales<\/span>\r\n\t\t<\/h3><div class=\"desc\" style=\"padding-left:68px;font-weight:500;\"><p>Work with detailed reports<\/p>\n<\/div> <div class=\"hover\" style=\"border-radius:5px;\"><\/div><\/div><\/div>[\/vc_column_inner][\/vc_row_inner]\r\n\t<div class=\"bauer-spacer clearfix\" data-desktop=\"50\" data-mobi=\"30\" data-smobi=\"30\"><\/div>[\/vc_column][\/vc_row][vc_row css=\u00bb.vc_custom_1557801723128{background-image: url(https:\/\/venteovertical.org\/wp-content\/uploads\/2019\/05\/section-bg4-2.jpg?id=8043) !important;background-position: center !important;background-repeat: no-repeat !important;background-size: cover !important;}\u00bb][vc_column]\r\n\t<div class=\"bauer-spacer clearfix\" data-desktop=\"100\" data-mobi=\"60\" data-smobi=\"60\"><\/div>[\/vc_column][\/vc_row][vc_row css=\u00bb.vc_custom_1558754740433{background: #f7f9fa url(https:\/\/venteovertical.org\/wp-content\/uploads\/2019\/05\/main-bg-3.png?id=8868) !important;}\u00bb][vc_column]\r\n\t<div class=\"bauer-spacer clearfix\" data-desktop=\"94\" data-mobi=\"60\" data-smobi=\"60\"><\/div><div class=\"bauer-single-heading clearfix text-center\" style=\"margin-bottom:24px;\"><span class=\"inner\"><span class=\"heading clearfix \" style=\"font-weight:600;color:#777777;font-size:16px;\">\r\n\t\tTESTIMONIOS\r\n\t<\/span><\/span><\/div><h2 class=\"bauer-text clearfix text-center\" style=\"font-size:42px;line-height:50px;margin-bottom:30px;max-width:530px;margin-left: auto; margin-right: auto;\"><p><span>Lo que nuestros clientes dicen de nosotros<\/span><\/p>\n<div id=\"gtx-trans\" style=\"position: absolute; left: 183px; top: 32.6px;\">\n<div class=\"gtx-trans-icon\"><\/div>\n<\/div>\n<\/h2><div class=\"bauer-text clearfix text-center\" style=\"font-size:18px;line-height:30px;color:#414042;max-width:730px;margin-left: auto; margin-right: auto;\"><p>En Venteo Vertical, L<span>a satisfacci\u00f3n del cliente es nuestro objetivo principal. Vea lo que los clientes tienen para decir sobre la variedad de servicios que brindamos para sus proyectos.<\/span><\/p>\n<\/div>\r\n\t<div class=\"bauer-spacer clearfix\" data-desktop=\"65\" data-mobi=\"40\" data-smobi=\"40\"><\/div>[vc_raw_html css=\u00bb\u00bb]JTVCdHJ1c3RpbmRleCUyMG5vLXJlZ2lzdHJhdGlvbiUzRGdvb2dsZSU1RA==[\/vc_raw_html]\r\n\t<div class=\"bauer-spacer clearfix\" data-desktop=\"50\" data-mobi=\"40\" data-smobi=\"40\"><\/div>[\/vc_column][\/vc_row][vc_row css=\u00bb.vc_custom_1557834784584{background-image: url(https:\/\/venteovertical.org\/wp-content\/uploads\/2019\/05\/section-bg6.jpg?id=8098) !important;background-position: center !important;background-repeat: no-repeat !important;background-size: cover !important;}\u00bb][vc_column]\r\n\t<div class=\"bauer-spacer clearfix\" data-desktop=\"94\" data-mobi=\"60\" data-smobi=\"60\"><\/div><h2 class=\"bauer-text clearfix text-center\" style=\"font-size:42px;line-height:50px;color:#ffffff;margin-bottom:30px;\"><p><span>Ll\u00e1manos y lo haremos realidad<\/span><\/p>\n<div id=\"gtx-trans\" style=\"position: absolute; left: 111px; top: -14px;\">\n<div class=\"gtx-trans-icon\"><\/div>\n<\/div>\n<\/h2><div class=\"bauer-text clearfix text-center\" style=\"font-size:18px;line-height:30px;color:#8a99c0;max-width:890px;margin-left: auto; margin-right: auto;\"><p><span>Cuando nos contrata para servicios verticales, sabe que est\u00e1 contratando profesionales altamente calificados que tienen los conocimientos y la experiencia para garantizar que su proyecto se realice correctamente y funcione.<\/span><\/p>\n<\/div>\r\n\t<div class=\"bauer-spacer clearfix\" data-desktop=\"50\" data-mobi=\"30\" data-smobi=\"30\"><\/div><div class=\"bauer-align-box text-center\"><div class=\"button-wrap icon-right\" style=\"\" ><a href=\"https:\/\/venteovertical.org\/index.php\/contactanos-2\/\" target=\"_self\" class=\"bauer-button btn-867572075 medium no_icon accent\" style=\"border-radius:30px;\"  data-text=\"#ffffff\">\r\n\t\t<span style=\"\">Contacta <\/span>\r\n\t<\/a><\/div><\/div>\r\n\t<div class=\"bauer-spacer clearfix\" data-desktop=\"100\" data-mobi=\"60\" data-smobi=\"60\"><\/div>[\/vc_column][\/vc_row]<\/p>\n<\/div>","protected":false},"excerpt":{"rendered":"<p>[vc_row scroll_arrow=\u00bbyes\u00bb scroll_id=\u00bbfirst-row\u00bb arrow=\u00bbyes\u00bb][vc_column][rev_slider_vc alias=\u00bbslider-1&#8243;][\/vc_column][\/vc_row][vc_row css=\u00bb.vc_custom_1558753815078{background-image: url(https:\/\/venteovertical.org\/wp-content\/uploads\/2019\/05\/main-bg-1.png?id=8860) !important;background-position: center !important;background-repeat: no-repeat !important;background-size: cover !important;}\u00bb el_id=\u00bbfirst-row\u00bb][vc_column][vc_row_inner][vc_column_inner width=\u00bb1\/2&#8243;][\/vc_column_inner][vc_column_inner width=\u00bb1\/2&#8243;][\/vc_column_inner][\/vc_row_inner][\/vc_column][\/vc_row][vc_row css=\u00bb.vc_custom_1558262963274{background-image: url(https:\/\/venteovertical.org\/wp-content\/uploads\/2019\/05\/section-bg2-3.jpg?id=8529) !important;background-position: center !important;background-repeat: no-repeat !important;background-size: cover !important;}\u00bb][vc_column][vc_row_inner][vc_column_inner width=\u00bb1\/3&#8243;][\/vc_column_inner][vc_column_inner width=\u00bb1\/3&#8243;][\/vc_column_inner][vc_column_inner width=\u00bb1\/3&#8243;][\/vc_column_inner][\/vc_row_inner][vc_row_inner][vc_column_inner width=\u00bb1\/3&#8243;][\/vc_column_inner][vc_column_inner width=\u00bb1\/3&#8243;][\/vc_column_inner][vc_column_inner width=\u00bb1\/3&#8243;][\/vc_column_inner][\/vc_row_inner][\/vc_column][\/vc_row][vc_row css=\u00bb.vc_custom_1557801723128{background-image: url(https:\/\/venteovertical.org\/wp-content\/uploads\/2019\/05\/section-bg4-2.jpg?id=8043) !important;background-position: center !important;background-repeat: no-repeat !important;background-size: cover !important;}\u00bb][vc_column][\/vc_column][\/vc_row][vc_row css=\u00bb.vc_custom_1558754740433{background: #f7f9fa url(https:\/\/venteovertical.org\/wp-content\/uploads\/2019\/05\/main-bg-3.png?id=8868) !important;}\u00bb][vc_column][vc_raw_html css=\u00bb\u00bb]JTVCdHJ1c3RpbmRleCUyMG5vLXJlZ2lzdHJhdGlvbiUzRGdvb2dsZSU1RA==[\/vc_raw_html][\/vc_column][\/vc_row][vc_row css=\u00bb.vc_custom_1557834784584{background-image: url(https:\/\/venteovertical.org\/wp-content\/uploads\/2019\/05\/section-bg6.jpg?id=8098) !important;background-position: center<\/p>\n","protected":false},"author":1,"featured_media":0,"parent":0,"menu_order":0,"comment_status":"closed","ping_status":"closed","template":"","meta":{"_monsterinsights_skip_tracking":false,"_monsterinsights_sitenote_active":false,"_monsterinsights_sitenote_note":"","_monsterinsights_sitenote_category":0,"footnotes":""},"class_list":["post-9276","page","type-page","status-publish","hentry"],"aioseo_notices":[],"jetpack_sharing_enabled":true,"_links":{"self":[{"href":"https:\/\/venteovertical.org\/index.php\/wp-json\/wp\/v2\/pages\/9276","targetHints":{"allow":["GET"]}}],"collection":[{"href":"https:\/\/venteovertical.org\/index.php\/wp-json\/wp\/v2\/pages"}],"about":[{"href":"https:\/\/venteovertical.org\/index.php\/wp-json\/wp\/v2\/types\/page"}],"author":[{"embeddable":true,"href":"https:\/\/venteovertical.org\/index.php\/wp-json\/wp\/v2\/users\/1"}],"replies":[{"embeddable":true,"href":"https:\/\/venteovertical.org\/index.php\/wp-json\/wp\/v2\/comments?post=9276"}],"version-history":[{"count":24,"href":"https:\/\/venteovertical.org\/index.php\/wp-json\/wp\/v2\/pages\/9276\/revisions"}],"predecessor-version":[{"id":9421,"href":"https:\/\/venteovertical.org\/index.php\/wp-json\/wp\/v2\/pages\/9276\/revisions\/9421"}],"wp:attachment":[{"href":"https:\/\/venteovertical.org\/index.php\/wp-json\/wp\/v2\/media?parent=9276"}],"curies":[{"name":"wp","href":"https:\/\/api.w.org\/{rel}","templated":true}]}}